{"id":429,"date":"2018-08-06T18:07:31","date_gmt":"2018-08-06T16:07:31","guid":{"rendered":"http:\/\/www.laupus.org\/wordpress\/?page_id=429"},"modified":"2023-10-26T22:32:14","modified_gmt":"2023-10-26T20:32:14","slug":"gravuren","status":"publish","type":"page","link":"https:\/\/www.laupus.org\/wordpress\/?page_id=429","title":{"rendered":"Gravure(n)"},"content":{"rendered":"<p>Die blaue Serie \/ La p\u00e9riode bleue<\/p>\n<p><a href=\"http:\/\/www.laupus.org\/wordpress\/wp-content\/uploads\/Gravure-La-periode-bleue-030.jpg\"><img loading=\"lazy\" decoding=\"async\" class=\"alignnone size-medium wp-image-426\" src=\"http:\/\/www.laupus.org\/wordpress\/wp-content\/uploads\/Gravure-La-periode-bleue-030-169x300.jpg\" alt=\"\" width=\"169\" height=\"300\" srcset=\"https:\/\/www.laupus.org\/wordpress\/wp-content\/uploads\/Gravure-La-periode-bleue-030-169x300.jpg 169w, https:\/\/www.laupus.org\/wordpress\/wp-content\/uploads\/Gravure-La-periode-bleue-030-768x1367.jpg 768w, https:\/\/www.laupus.org\/wordpress\/wp-content\/uploads\/Gravure-La-periode-bleue-030-575x1024.jpg 575w\" sizes=\"auto, (max-width: 169px) 100vw, 169px\" \/><\/a> <a href=\"http:\/\/www.laupus.org\/wordpress\/wp-content\/uploads\/Gravure-La-periode-bleue-025.jpg\"><img loading=\"lazy\" decoding=\"async\" class=\"alignnone size-medium wp-image-425\" src=\"http:\/\/www.laupus.org\/wordpress\/wp-content\/uploads\/Gravure-La-periode-bleue-025-169x300.jpg\" alt=\"\" width=\"169\" height=\"300\" srcset=\"https:\/\/www.laupus.org\/wordpress\/wp-content\/uploads\/Gravure-La-periode-bleue-025-169x300.jpg 169w, https:\/\/www.laupus.org\/wordpress\/wp-content\/uploads\/Gravure-La-periode-bleue-025-768x1367.jpg 768w, https:\/\/www.laupus.org\/wordpress\/wp-content\/uploads\/Gravure-La-periode-bleue-025-575x1024.jpg 575w\" sizes=\"auto, (max-width: 169px) 100vw, 169px\" \/><\/a> <a href=\"http:\/\/www.laupus.org\/wordpress\/wp-content\/uploads\/Gravure-La-periode-bleue-024.jpg\"><img loading=\"lazy\" decoding=\"async\" class=\"alignnone size-medium wp-image-424\" src=\"http:\/\/www.laupus.org\/wordpress\/wp-content\/uploads\/Gravure-La-periode-bleue-024-300x169.jpg\" alt=\"\" width=\"300\" height=\"169\" srcset=\"https:\/\/www.laupus.org\/wordpress\/wp-content\/uploads\/Gravure-La-periode-bleue-024-300x169.jpg 300w, https:\/\/www.laupus.org\/wordpress\/wp-content\/uploads\/Gravure-La-periode-bleue-024-768x432.jpg 768w, https:\/\/www.laupus.org\/wordpress\/wp-content\/uploads\/Gravure-La-periode-bleue-024-1024x575.jpg 1024w\" sizes=\"auto, (max-width: 300px) 100vw, 300px\" \/><\/a> <a href=\"http:\/\/www.laupus.org\/wordpress\/wp-content\/uploads\/Gravure-La-periode-bleue-021.jpg\"><img loading=\"lazy\" decoding=\"async\" class=\"alignnone size-medium wp-image-423\" src=\"http:\/\/www.laupus.org\/wordpress\/wp-content\/uploads\/Gravure-La-periode-bleue-021-300x169.jpg\" alt=\"\" width=\"300\" height=\"169\" srcset=\"https:\/\/www.laupus.org\/wordpress\/wp-content\/uploads\/Gravure-La-periode-bleue-021-300x169.jpg 300w, https:\/\/www.laupus.org\/wordpress\/wp-content\/uploads\/Gravure-La-periode-bleue-021-768x432.jpg 768w, https:\/\/www.laupus.org\/wordpress\/wp-content\/uploads\/Gravure-La-periode-bleue-021-1024x575.jpg 1024w\" sizes=\"auto, (max-width: 300px) 100vw, 300px\" \/><\/a> <a href=\"http:\/\/www.laupus.org\/wordpress\/wp-content\/uploads\/Gravure-La-periode-bleue-020.jpg\"><img loading=\"lazy\" decoding=\"async\" class=\"alignnone size-medium wp-image-422\" src=\"http:\/\/www.laupus.org\/wordpress\/wp-content\/uploads\/Gravure-La-periode-bleue-020-169x300.jpg\" alt=\"\" width=\"169\" height=\"300\" srcset=\"https:\/\/www.laupus.org\/wordpress\/wp-content\/uploads\/Gravure-La-periode-bleue-020-169x300.jpg 169w, https:\/\/www.laupus.org\/wordpress\/wp-content\/uploads\/Gravure-La-periode-bleue-020-768x1367.jpg 768w, https:\/\/www.laupus.org\/wordpress\/wp-content\/uploads\/Gravure-La-periode-bleue-020-575x1024.jpg 575w\" sizes=\"auto, (max-width: 169px) 100vw, 169px\" \/><\/a> <a href=\"http:\/\/www.laupus.org\/wordpress\/wp-content\/uploads\/Gravure-La-periode-bleue-018.jpg\"><img loading=\"lazy\" decoding=\"async\" class=\"alignnone size-medium wp-image-421\" src=\"http:\/\/www.laupus.org\/wordpress\/wp-content\/uploads\/Gravure-La-periode-bleue-018-300x169.jpg\" alt=\"\" width=\"300\" height=\"169\" srcset=\"https:\/\/www.laupus.org\/wordpress\/wp-content\/uploads\/Gravure-La-periode-bleue-018-300x169.jpg 300w, https:\/\/www.laupus.org\/wordpress\/wp-content\/uploads\/Gravure-La-periode-bleue-018-768x432.jpg 768w, https:\/\/www.laupus.org\/wordpress\/wp-content\/uploads\/Gravure-La-periode-bleue-018-1024x575.jpg 1024w\" sizes=\"auto, (max-width: 300px) 100vw, 300px\" \/><\/a> <a href=\"http:\/\/www.laupus.org\/wordpress\/wp-content\/uploads\/Gravure-La-periode-bleue-016.jpg\"><img loading=\"lazy\" decoding=\"async\" class=\"alignnone size-medium wp-image-420\" src=\"http:\/\/www.laupus.org\/wordpress\/wp-content\/uploads\/Gravure-La-periode-bleue-016-300x169.jpg\" alt=\"\" width=\"300\" height=\"169\" srcset=\"https:\/\/www.laupus.org\/wordpress\/wp-content\/uploads\/Gravure-La-periode-bleue-016-300x169.jpg 300w, https:\/\/www.laupus.org\/wordpress\/wp-content\/uploads\/Gravure-La-periode-bleue-016-768x432.jpg 768w, https:\/\/www.laupus.org\/wordpress\/wp-content\/uploads\/Gravure-La-periode-bleue-016-1024x575.jpg 1024w\" sizes=\"auto, (max-width: 300px) 100vw, 300px\" \/><\/a> <a href=\"http:\/\/www.laupus.org\/wordpress\/wp-content\/uploads\/Gravure-La-periode-bleue-014.jpg\"><img loading=\"lazy\" decoding=\"async\" class=\"alignnone size-medium wp-image-419\" src=\"http:\/\/www.laupus.org\/wordpress\/wp-content\/uploads\/Gravure-La-periode-bleue-014-169x300.jpg\" alt=\"\" width=\"169\" height=\"300\" srcset=\"https:\/\/www.laupus.org\/wordpress\/wp-content\/uploads\/Gravure-La-periode-bleue-014-169x300.jpg 169w, https:\/\/www.laupus.org\/wordpress\/wp-content\/uploads\/Gravure-La-periode-bleue-014-768x1367.jpg 768w, https:\/\/www.laupus.org\/wordpress\/wp-content\/uploads\/Gravure-La-periode-bleue-014-575x1024.jpg 575w\" sizes=\"auto, (max-width: 169px) 100vw, 169px\" \/><\/a> <a href=\"http:\/\/www.laupus.org\/wordpress\/wp-content\/uploads\/Gravure-La-periode-bleue-012.jpg\"><img loading=\"lazy\" decoding=\"async\" class=\"alignnone size-medium wp-image-418\" src=\"http:\/\/www.laupus.org\/wordpress\/wp-content\/uploads\/Gravure-La-periode-bleue-012-169x300.jpg\" alt=\"\" width=\"169\" height=\"300\" srcset=\"https:\/\/www.laupus.org\/wordpress\/wp-content\/uploads\/Gravure-La-periode-bleue-012-169x300.jpg 169w, https:\/\/www.laupus.org\/wordpress\/wp-content\/uploads\/Gravure-La-periode-bleue-012-768x1367.jpg 768w, https:\/\/www.laupus.org\/wordpress\/wp-content\/uploads\/Gravure-La-periode-bleue-012-575x1024.jpg 575w\" sizes=\"auto, (max-width: 169px) 100vw, 169px\" \/><\/a> <a href=\"http:\/\/www.laupus.org\/wordpress\/wp-content\/uploads\/Gravure-La-periode-bleue-010.jpg\"><img loading=\"lazy\" decoding=\"async\" class=\"alignnone size-medium wp-image-417\" src=\"http:\/\/www.laupus.org\/wordpress\/wp-content\/uploads\/Gravure-La-periode-bleue-010-169x300.jpg\" alt=\"\" width=\"169\" height=\"300\" srcset=\"https:\/\/www.laupus.org\/wordpress\/wp-content\/uploads\/Gravure-La-periode-bleue-010-169x300.jpg 169w, https:\/\/www.laupus.org\/wordpress\/wp-content\/uploads\/Gravure-La-periode-bleue-010-768x1367.jpg 768w, https:\/\/www.laupus.org\/wordpress\/wp-content\/uploads\/Gravure-La-periode-bleue-010-575x1024.jpg 575w\" sizes=\"auto, (max-width: 169px) 100vw, 169px\" \/><\/a> <a href=\"http:\/\/www.laupus.org\/wordpress\/wp-content\/uploads\/Gravure-La-periode-bleue-008.jpg\"><img loading=\"lazy\" decoding=\"async\" class=\"alignnone size-medium wp-image-416\" src=\"http:\/\/www.laupus.org\/wordpress\/wp-content\/uploads\/Gravure-La-periode-bleue-008-300x169.jpg\" alt=\"\" width=\"300\" height=\"169\" srcset=\"https:\/\/www.laupus.org\/wordpress\/wp-content\/uploads\/Gravure-La-periode-bleue-008-300x169.jpg 300w, https:\/\/www.laupus.org\/wordpress\/wp-content\/uploads\/Gravure-La-periode-bleue-008-768x432.jpg 768w, https:\/\/www.laupus.org\/wordpress\/wp-content\/uploads\/Gravure-La-periode-bleue-008-1024x575.jpg 1024w\" sizes=\"auto, (max-width: 300px) 100vw, 300px\" \/><\/a><\/p>\n\n","protected":false},"excerpt":{"rendered":"<p>Die blaue Serie \/ La p\u00e9riode bleue<\/p>\n","protected":false},"author":1,"featured_media":0,"parent":0,"menu_order":0,"comment_status":"closed","ping_status":"closed","template":"","meta":{"footnotes":""},"class_list":["post-429","page","type-page","status-publish","hentry"],"yoast_head":"<!-- This site is optimized with the Yoast SEO plugin v27.4 - https:\/\/yoast.com\/product\/yoast-seo-wordpress\/ -->\n<title>Kunst Art<\/title>\n<meta name=\"robots\" content=\"index, follow, max-snippet:-1, max-image-preview:large, max-video-preview:-1\" \/>\n<link rel=\"canonical\" href=\"https:\/\/www.laupus.org\/wordpress\/?page_id=429\" \/>\n<meta property=\"og:locale\" content=\"fr_FR\" \/>\n<meta property=\"og:type\" content=\"article\" \/>\n<meta property=\"og:title\" content=\"Kunst Art\" \/>\n<meta property=\"og:description\" content=\"Die blaue Serie \/ La p\u00e9riode bleue\" \/>\n<meta property=\"og:url\" content=\"https:\/\/www.laupus.org\/wordpress\/?page_id=429\" \/>\n<meta property=\"og:site_name\" content=\"Plonger dans d&#039;autres r\u00e9alit\u00e9s Wirklichkeitsspr\u00fcnge\" \/>\n<meta property=\"article:modified_time\" content=\"2023-10-26T20:32:14+00:00\" \/>\n<meta property=\"og:image\" content=\"http:\/\/www.laupus.org\/wordpress\/wp-content\/uploads\/Gravure-La-periode-bleue-030-169x300.jpg\" \/>\n<meta name=\"twitter:card\" content=\"summary_large_image\" \/>\n<meta name=\"twitter:label1\" content=\"Dur\u00e9e de lecture estim\u00e9e\" \/>\n\t<meta name=\"twitter:data1\" content=\"3 minutes\" \/>\n<script type=\"application\/ld+json\" class=\"yoast-schema-graph\">{\"@context\":\"https:\\\/\\\/schema.org\",\"@graph\":[{\"@type\":\"WebPage\",\"@id\":\"https:\\\/\\\/www.laupus.org\\\/wordpress\\\/?page_id=429\",\"url\":\"https:\\\/\\\/www.laupus.org\\\/wordpress\\\/?page_id=429\",\"name\":\"Kunst Art\",\"isPartOf\":{\"@id\":\"https:\\\/\\\/www.laupus.org\\\/wordpress\\\/#website\"},\"primaryImageOfPage\":{\"@id\":\"https:\\\/\\\/www.laupus.org\\\/wordpress\\\/?page_id=429#primaryimage\"},\"image\":{\"@id\":\"https:\\\/\\\/www.laupus.org\\\/wordpress\\\/?page_id=429#primaryimage\"},\"thumbnailUrl\":\"http:\\\/\\\/www.laupus.org\\\/wordpress\\\/wp-content\\\/uploads\\\/Gravure-La-periode-bleue-030-169x300.jpg\",\"datePublished\":\"2018-08-06T16:07:31+00:00\",\"dateModified\":\"2023-10-26T20:32:14+00:00\",\"breadcrumb\":{\"@id\":\"https:\\\/\\\/www.laupus.org\\\/wordpress\\\/?page_id=429#breadcrumb\"},\"inLanguage\":\"fr-FR\",\"potentialAction\":[{\"@type\":\"ReadAction\",\"target\":[\"https:\\\/\\\/www.laupus.org\\\/wordpress\\\/?page_id=429\"]}]},{\"@type\":\"ImageObject\",\"inLanguage\":\"fr-FR\",\"@id\":\"https:\\\/\\\/www.laupus.org\\\/wordpress\\\/?page_id=429#primaryimage\",\"url\":\"https:\\\/\\\/www.laupus.org\\\/wordpress\\\/wp-content\\\/uploads\\\/Gravure-La-periode-bleue-030.jpg\",\"contentUrl\":\"https:\\\/\\\/www.laupus.org\\\/wordpress\\\/wp-content\\\/uploads\\\/Gravure-La-periode-bleue-030.jpg\",\"width\":2248,\"height\":4000},{\"@type\":\"BreadcrumbList\",\"@id\":\"https:\\\/\\\/www.laupus.org\\\/wordpress\\\/?page_id=429#breadcrumb\",\"itemListElement\":[{\"@type\":\"ListItem\",\"position\":1,\"name\":\"Accueil\",\"item\":\"https:\\\/\\\/www.laupus.org\\\/wordpress\"},{\"@type\":\"ListItem\",\"position\":2,\"name\":\"Gravure(n)\"}]},{\"@type\":\"WebSite\",\"@id\":\"https:\\\/\\\/www.laupus.org\\\/wordpress\\\/#website\",\"url\":\"https:\\\/\\\/www.laupus.org\\\/wordpress\\\/\",\"name\":\"Plonger dans d&#039;autres r\u00e9alit\u00e9s Wirklichkeitsspr\u00fcnge\",\"description\":\"D\u00e8s que vous trouvez un titre en francais, cliquez dessus pour lire un extrait (direktement en-dessous du titre du site internet).       Wenn Sie einen deutschsprachigen Titel sehen, klicken Sie darauf, um Ausz\u00fcge lesen zu k\u00f6nnen (direkt unter Wirklichkeitsspr\u00fcnge).\",\"publisher\":{\"@id\":\"https:\\\/\\\/www.laupus.org\\\/wordpress\\\/#\\\/schema\\\/person\\\/de5edd5b8973da364ab083f03d98c7e5\"},\"potentialAction\":[{\"@type\":\"SearchAction\",\"target\":{\"@type\":\"EntryPoint\",\"urlTemplate\":\"https:\\\/\\\/www.laupus.org\\\/wordpress\\\/?s={search_term_string}\"},\"query-input\":{\"@type\":\"PropertyValueSpecification\",\"valueRequired\":true,\"valueName\":\"search_term_string\"}}],\"inLanguage\":\"fr-FR\"},{\"@type\":[\"Person\",\"Organization\"],\"@id\":\"https:\\\/\\\/www.laupus.org\\\/wordpress\\\/#\\\/schema\\\/person\\\/de5edd5b8973da364ab083f03d98c7e5\",\"name\":\"DeHeinz\",\"image\":{\"@type\":\"ImageObject\",\"inLanguage\":\"fr-FR\",\"@id\":\"http:\\\/\\\/www.laupus.org\\\/wordpress\\\/wp-content\\\/uploads\\\/Gravure-La-periode-bleue-024.jpg\",\"url\":\"http:\\\/\\\/www.laupus.org\\\/wordpress\\\/wp-content\\\/uploads\\\/Gravure-La-periode-bleue-024.jpg\",\"contentUrl\":\"http:\\\/\\\/www.laupus.org\\\/wordpress\\\/wp-content\\\/uploads\\\/Gravure-La-periode-bleue-024.jpg\",\"width\":4000,\"height\":2248,\"caption\":\"DeHeinz\"},\"logo\":{\"@id\":\"http:\\\/\\\/www.laupus.org\\\/wordpress\\\/wp-content\\\/uploads\\\/Gravure-La-periode-bleue-024.jpg\"},\"description\":\"Ich weiss nicht alles aber alles besser\"}]}<\/script>\n<!-- \/ Yoast SEO plugin. -->","yoast_head_json":{"title":"Kunst Art","robots":{"index":"index","follow":"follow","max-snippet":"max-snippet:-1","max-image-preview":"max-image-preview:large","max-video-preview":"max-video-preview:-1"},"canonical":"https:\/\/www.laupus.org\/wordpress\/?page_id=429","og_locale":"fr_FR","og_type":"article","og_title":"Kunst Art","og_description":"Die blaue Serie \/ La p\u00e9riode bleue","og_url":"https:\/\/www.laupus.org\/wordpress\/?page_id=429","og_site_name":"Plonger dans d&#039;autres r\u00e9alit\u00e9s Wirklichkeitsspr\u00fcnge","article_modified_time":"2023-10-26T20:32:14+00:00","og_image":[{"url":"http:\/\/www.laupus.org\/wordpress\/wp-content\/uploads\/Gravure-La-periode-bleue-030-169x300.jpg","type":"","width":"","height":""}],"twitter_card":"summary_large_image","twitter_misc":{"Dur\u00e9e de lecture estim\u00e9e":"3 minutes"},"schema":{"@context":"https:\/\/schema.org","@graph":[{"@type":"WebPage","@id":"https:\/\/www.laupus.org\/wordpress\/?page_id=429","url":"https:\/\/www.laupus.org\/wordpress\/?page_id=429","name":"Kunst Art","isPartOf":{"@id":"https:\/\/www.laupus.org\/wordpress\/#website"},"primaryImageOfPage":{"@id":"https:\/\/www.laupus.org\/wordpress\/?page_id=429#primaryimage"},"image":{"@id":"https:\/\/www.laupus.org\/wordpress\/?page_id=429#primaryimage"},"thumbnailUrl":"http:\/\/www.laupus.org\/wordpress\/wp-content\/uploads\/Gravure-La-periode-bleue-030-169x300.jpg","datePublished":"2018-08-06T16:07:31+00:00","dateModified":"2023-10-26T20:32:14+00:00","breadcrumb":{"@id":"https:\/\/www.laupus.org\/wordpress\/?page_id=429#breadcrumb"},"inLanguage":"fr-FR","potentialAction":[{"@type":"ReadAction","target":["https:\/\/www.laupus.org\/wordpress\/?page_id=429"]}]},{"@type":"ImageObject","inLanguage":"fr-FR","@id":"https:\/\/www.laupus.org\/wordpress\/?page_id=429#primaryimage","url":"https:\/\/www.laupus.org\/wordpress\/wp-content\/uploads\/Gravure-La-periode-bleue-030.jpg","contentUrl":"https:\/\/www.laupus.org\/wordpress\/wp-content\/uploads\/Gravure-La-periode-bleue-030.jpg","width":2248,"height":4000},{"@type":"BreadcrumbList","@id":"https:\/\/www.laupus.org\/wordpress\/?page_id=429#breadcrumb","itemListElement":[{"@type":"ListItem","position":1,"name":"Accueil","item":"https:\/\/www.laupus.org\/wordpress"},{"@type":"ListItem","position":2,"name":"Gravure(n)"}]},{"@type":"WebSite","@id":"https:\/\/www.laupus.org\/wordpress\/#website","url":"https:\/\/www.laupus.org\/wordpress\/","name":"Plonger dans d&#039;autres r\u00e9alit\u00e9s Wirklichkeitsspr\u00fcnge","description":"D\u00e8s que vous trouvez un titre en francais, cliquez dessus pour lire un extrait (direktement en-dessous du titre du site internet).       Wenn Sie einen deutschsprachigen Titel sehen, klicken Sie darauf, um Ausz\u00fcge lesen zu k\u00f6nnen (direkt unter Wirklichkeitsspr\u00fcnge).","publisher":{"@id":"https:\/\/www.laupus.org\/wordpress\/#\/schema\/person\/de5edd5b8973da364ab083f03d98c7e5"},"potentialAction":[{"@type":"SearchAction","target":{"@type":"EntryPoint","urlTemplate":"https:\/\/www.laupus.org\/wordpress\/?s={search_term_string}"},"query-input":{"@type":"PropertyValueSpecification","valueRequired":true,"valueName":"search_term_string"}}],"inLanguage":"fr-FR"},{"@type":["Person","Organization"],"@id":"https:\/\/www.laupus.org\/wordpress\/#\/schema\/person\/de5edd5b8973da364ab083f03d98c7e5","name":"DeHeinz","image":{"@type":"ImageObject","inLanguage":"fr-FR","@id":"http:\/\/www.laupus.org\/wordpress\/wp-content\/uploads\/Gravure-La-periode-bleue-024.jpg","url":"http:\/\/www.laupus.org\/wordpress\/wp-content\/uploads\/Gravure-La-periode-bleue-024.jpg","contentUrl":"http:\/\/www.laupus.org\/wordpress\/wp-content\/uploads\/Gravure-La-periode-bleue-024.jpg","width":4000,"height":2248,"caption":"DeHeinz"},"logo":{"@id":"http:\/\/www.laupus.org\/wordpress\/wp-content\/uploads\/Gravure-La-periode-bleue-024.jpg"},"description":"Ich weiss nicht alles aber alles besser"}]}},"_links":{"self":[{"href":"https:\/\/www.laupus.org\/wordpress\/index.php?rest_route=\/wp\/v2\/pages\/429","targetHints":{"allow":["GET"]}}],"collection":[{"href":"https:\/\/www.laupus.org\/wordpress\/index.php?rest_route=\/wp\/v2\/pages"}],"about":[{"href":"https:\/\/www.laupus.org\/wordpress\/index.php?rest_route=\/wp\/v2\/types\/page"}],"author":[{"embeddable":true,"href":"https:\/\/www.laupus.org\/wordpress\/index.php?rest_route=\/wp\/v2\/users\/1"}],"replies":[{"embeddable":true,"href":"https:\/\/www.laupus.org\/wordpress\/index.php?rest_route=%2Fwp%2Fv2%2Fcomments&post=429"}],"version-history":[{"count":2,"href":"https:\/\/www.laupus.org\/wordpress\/index.php?rest_route=\/wp\/v2\/pages\/429\/revisions"}],"predecessor-version":[{"id":605,"href":"https:\/\/www.laupus.org\/wordpress\/index.php?rest_route=\/wp\/v2\/pages\/429\/revisions\/605"}],"wp:attachment":[{"href":"https:\/\/www.laupus.org\/wordpress\/index.php?rest_route=%2Fwp%2Fv2%2Fmedia&parent=429"}],"curies":[{"name":"wp","href":"https:\/\/api.w.org\/{rel}","templated":true}]}}